{"id":1983,"date":"2024-06-26T12:00:04","date_gmt":"2024-06-26T10:00:04","guid":{"rendered":"https:\/\/balealoe.com\/lopd\/"},"modified":"2024-09-05T13:47:37","modified_gmt":"2024-09-05T11:47:37","slug":"lopd","status":"publish","type":"page","link":"https:\/\/balealoe.com\/en\/lopd\/","title":{"rendered":"Legal y RGPD"},"content":{"rendered":"<div class=\"fusion-fullwidth fullwidth-box fusion-builder-row-1 fusion-flex-container has-pattern-background has-mask-background nonhundred-percent-fullwidth non-hundred-percent-height-scrolling\" style=\"--awb-border-radius-top-left:0px;--awb-border-radius-top-right:0px;--awb-border-radius-bottom-right:0px;--awb-border-radius-bottom-left:0px;--awb-background-color:var(--awb-color2);--awb-flex-wrap:wrap;\" ><div class=\"fusion-builder-row fusion-row fusion-flex-align-items-flex-start fusion-flex-content-wrap\" style=\"max-width:1268.8px;margin-left: calc(-4% \/ 2 );margin-right: calc(-4% \/ 2 );\"><div class=\"fusion-layout-column fusion_builder_column fusion-builder-column-0 fusion_builder_column_1_1 1_1 fusion-flex-column\" style=\"--awb-bg-size:cover;--awb-width-large:100%;--awb-margin-top-large:0px;--awb-spacing-right-large:1.92%;--awb-margin-bottom-large:0px;--awb-spacing-left-large:1.92%;--awb-width-medium:100%;--awb-spacing-right-medium:1.92%;--awb-spacing-left-medium:1.92%;--awb-width-small:100%;--awb-spacing-right-small:1.92%;--awb-spacing-left-small:1.92%;\"><div class=\"fusion-column-wrapper fusion-flex-justify-content-flex-start fusion-content-layout-column\"><div class=\"fusion-text fusion-text-1\"><p>En cumplimiento de la Ley 34\/2002, de 11 de julio, de Servicios de la Sociedad de la Informacio\u0301n y de Comercio Electro\u0301nico (LSSI-CE), <strong>Balealoe<\/strong> informa que es titular del sitio web <strong>www.Balealoe.com<\/strong> . De acuerdo con la exigencia del arti\u0301culo 10 de la citada Ley,\u00a0<strong>Balealoe<\/strong> informa de los siguientes datos:<\/p>\n<p>La direccio\u0301n de correo electro\u0301nico de contacto con la empresa es: info@<strong>Balealoe<\/strong>.es.<\/p>\n<p>USUARIO Y RE\u0301GIMEN DE RESPONSABILIDADES<\/p>\n<p>La navegacio\u0301n, acceso y uso por el sitio web de\u00a0<strong>Balealoe<\/strong>\u00a0 la condicio\u0301n de usuario, por la que se aceptan, desde la navegacio\u0301n por el sitio web de <strong>Balealoe<\/strong>, todas las condiciones de uso aqui\u0301 establecidas sin perjuicio de la aplicacio\u0301n de la correspondiente normativa de obligado cumplimiento legal segu\u0301n el caso.<\/p>\n<p>El sitio web de\u00a0<strong>Balealoe<\/strong> proporciona gran diversidad de informacio\u0301n, servicios y datos. El usuario asume su responsabilidad en el uso correcto del sitio web. Esta responsabilidad se extendera\u0301 a:<\/p>\n<p>\u2013 La veracidad y licitud de las informaciones aportadas por el usuario en los formularios extendidos por <strong>Balealoe<\/strong> para el acceso a ciertos contenidos o servicios ofrecidos por el web.<br \/>\n\u2013 El uso de la informacio\u0301n, servicios y datos ofrecidos por <strong>Balealoe<\/strong> contrariamente a lo dispuesto por las presentes condiciones, la Ley, la moral, las buenas costumbres o el orden pu\u0301blico, o que de cualquier otro modo puedan suponer lesio\u0301n de los derechos de terceros o del mismo funcionamiento del sitio web.<\/p>\n<p>POLI\u0301TICA DE ENLACES Y EXENCIONES DE RESPONSABILIDAD<\/p>\n<p><strong>Balealoe<\/strong> se hace responsable del contenido de los sitios web a los que el usuario pueda acceder a trave\u0301s de los enlaces establecidos en su sitio web y declara que en ningu\u0301n caso procedera\u0301 a examinar o ejercitar ningu\u0301n tipo de control sobre el contenido de otros sitios de la red. Asimismo, tampoco garantizara\u0301 la disponibilidad te\u0301cnica, exactitud, veracidad, validez o legalidad de sitios ajenos a su propiedad a los que se pueda acceder por medio de los enlaces.\u00a0<strong>Balealoe<\/strong> declara haber adoptado todas las medidas necesarias para evitar cualquier dan\u0303o a los usuarios de su sitio web, que pudieran derivarse de la navegacio\u0301n por su sitio web. En consecuencia, <strong>Balealoe<\/strong> no se hace responsable, en ningu\u0301n caso, de los eventuales dan\u0303os que por la navegacio\u0301n por Internet pudiera sufrir el usuario.<\/p>\n<p>MODIFICACIONES<\/p>\n<p><strong>Balealoe<\/strong> reserva el derecho a realizar las modificaciones que considere oportunas, sin aviso previo, en el contenido de su sitio web. Tanto en lo referente a los contenidos del sitio web, como en las condiciones de uso del mismo. Dichas modificaciones podra\u0301n realizarse a trave\u0301s de su sitio web por cualquier forma admisible en derecho y sera\u0301n de obligado cumplimiento durante el tiempo en que se encuentren publicadas en la web y hasta que no sean modificadas va\u0301lidamente por otras posteriores.<\/p>\n<p><strong><br \/>\n<\/strong>PROPIEDAD INTELECTUAL E INDUSTRIAL<\/p>\n<p><strong>Balealoe<\/strong> por si\u0301 misma o como cesionaria, es titular de todos los derechos de propiedad intelectual e industrial de su pa\u0301gina web, asi\u0301 como de los elementos contenidos en la misma (a ti\u0301tulo enunciativo, ima\u0301genes, sonido, audio, vi\u0301deo, software o textos; marcas o logotipos, combinaciones de colores, estructura y disen\u0303o, seleccio\u0301n de materiales usados, programas de ordenador necesarios para su funcionamiento, acceso y uso, etc.), titularidad de <strong>Balealoe<\/strong>. Sera\u0301n, por consiguiente, obras protegidas como propiedad intelectual por el ordenamiento juri\u0301dico espan\u0303ol, sie\u0301ndoles aplicables tanto la normativa espan\u0303ola y comunitaria en este campo, como los tratados internacionales relativos a la materia y suscritos por Espan\u0303a.<\/p>\n<p>Todos los derechos reservados. En virtud de lo dispuesto en la Ley de Propiedad Intelectual, quedan expresamente prohibidas la reproduccio\u0301n, la distribucio\u0301n y la comunicacio\u0301n pu\u0301blica, incluida su modalidad de puesta a disposicio\u0301n, de la totalidad o parte de los contenidos de esta pa\u0301gina web, con fines comerciales, en cualquier soporte y por cualquier medio te\u0301cnico, sin la autorizacio\u0301n de <strong>Balealoe<\/strong>.<\/p>\n<p>El usuario se compromete a respetar los derechos de Propiedad Intelectual e Industrial titularidad de <strong>Balealoe. <\/strong>Podra\u0301 visualizar los elementos del portal e incluso imprimirlos, copiarlos y almacenarlos en el disco duro de su ordenador o en cualquier otro soporte fi\u0301sico siempre y cuando sea, u\u0301nica y exclusivamente, para su uso personal y privado. El usuario debera\u0301 abstenerse de suprimir, alterar, eludir o manipular cualquier dispositivo de proteccio\u0301n o sistema de seguridad que estuviera instalado en las pa\u0301ginas de <strong>Balealoe<\/strong>.<\/p>\n<p><strong>Balealoe<\/strong> se reserva, asimismo, la facultad de presentar las acciones civiles o penales que considere oportunas por la utilizacio\u0301n indebida de su sitio web y contenidos, o por el incumplimiento de las presentes condiciones.<\/p>\n<p>La relacio\u0301n entre el usuario y el prestador se regira\u0301 por la normativa vigente y de aplicacio\u0301n en el territorio espan\u0303ol. De surgir cualquier controversia las partes podra\u0301n someter sus conflictos a arbitraje o acudir a la jurisdiccio\u0301n ordinaria cumpliendo con las normas sobre jurisdiccio\u0301n y competencia al respecto.\u00a0<strong>Balealoe<\/strong> tiene su domicilio en ILLES BALEARS, Espan\u0303a.<\/p>\n<p>ACCIONES LEGALES, LEGISLACI\u00d3N APLICABLE Y JURISDICCI\u00d3N<\/p>\n<p><strong>Balealoe<\/strong> se reserva, asimismo, la facultad de presentar las acciones civiles o penales que considere oportunas por la utilizaci\u00f3n indebida de su sitio web y contenidos, o por el incumplimiento de las presentes condiciones.<\/p>\n<p>La relaci\u00f3n entre el usuario y el prestador se regir\u00e1 por la normativa vigente y de aplicaci\u00f3n en el territorio espa\u00f1ol. De surgir cualquier controversia las partes podr\u00e1n someter sus conflictos a arbitraje o acudir a la jurisdicci\u00f3n ordinaria cumpliendo con las normas sobre jurisdicci\u00f3n y competencia al respecto.\u00a0<strong>Balealoe<\/strong> tiene su domicilio en ILLES BALEARS, Espa\u00f1a.<\/p>\n<p>RGPD<\/p>\n<p>La informaci\u00f3n contenida en este mensaje y\/o archivo(s) adjunto(s), enviada desde\u00a0<strong>Balealoe<\/strong> es confidencial\/privilegiada y est\u00e1 destinada a ser le\u00edda s\u00f3lo por la(s) persona(s) a la(s) que va dirigida. Le recordamos que sus datos han sido incorporados en el sistema de tratamiento de\u00a0<strong>Balealoe<\/strong> y que siempre y cuando se cumplan los requisitos exigidos por la normativa, podr\u00e1 ejercer los derechos de acceso, rectificaci\u00f3n, limitaci\u00f3n de tratamiento, supresi\u00f3n, portabilidad y oposici\u00f3n\/revocaci\u00f3n, en los t\u00e9rminos que establece la normativa vigente en materia de protecci\u00f3n de datos, dirigiendo su petici\u00f3n a la direcci\u00f3n a trav\u00e9s de correo electr\u00f3nico info@<strong>Balealoe<\/strong>.com<\/p>\n<p>Si usted lee este mensaje y no es el destinatario se\u00f1alado, el empleado o el agente responsable de entregar el mensaje al destinatario, o ha recibido esta comunicaci\u00f3n por error, le informamos que est\u00e1 totalmente prohibida, y puede ser ilegal, cualquier divulgaci\u00f3n, distribuci\u00f3n o reproducci\u00f3n de esta comunicaci\u00f3n, y le rogamos que nos lo notifique inmediatamente y nos devuelva el mensaje original a la direcci\u00f3n arriba mencionada.<\/p>\n<\/div><\/div><\/div><\/div><\/div>\n","protected":false},"excerpt":{"rendered":"","protected":false},"author":1,"featured_media":0,"parent":0,"menu_order":0,"comment_status":"closed","ping_status":"open","template":"","meta":{"_acf_changed":false,"footnotes":""},"class_list":["post-1983","page","type-page","status-publish","hentry"],"acf":[],"yoast_head":"<!-- This site is optimized with the Yoast SEO plugin v27.5 - https:\/\/yoast.com\/product\/yoast-seo-wordpress\/ -->\n<title>Legal y RGPD - Bale Aloe<\/title>\n<meta name=\"robots\" content=\"index, follow, max-snippet:-1, max-image-preview:large, max-video-preview:-1\" \/>\n<link rel=\"canonical\" href=\"https:\/\/balealoe.com\/en\/lopd\/\" \/>\n<meta property=\"og:locale\" content=\"en_US\" \/>\n<meta property=\"og:type\" content=\"article\" \/>\n<meta property=\"og:title\" content=\"Legal y RGPD - Bale Aloe\" \/>\n<meta property=\"og:url\" content=\"https:\/\/balealoe.com\/en\/lopd\/\" \/>\n<meta property=\"og:site_name\" content=\"Bale Aloe\" \/>\n<meta property=\"article:publisher\" content=\"https:\/\/www.facebook.com\/profile.php?id=61561359368862\" \/>\n<meta property=\"article:modified_time\" content=\"2024-09-05T11:47:37+00:00\" \/>\n<meta name=\"twitter:card\" content=\"summary_large_image\" \/>\n<meta name=\"twitter:label1\" content=\"Est. reading time\" \/>\n\t<meta name=\"twitter:data1\" content=\"9 minutes\" \/>\n<script type=\"application\/ld+json\" class=\"yoast-schema-graph\">{\"@context\":\"https:\\\/\\\/schema.org\",\"@graph\":[{\"@type\":\"WebPage\",\"@id\":\"https:\\\/\\\/balealoe.com\\\/en\\\/lopd\\\/\",\"url\":\"https:\\\/\\\/balealoe.com\\\/en\\\/lopd\\\/\",\"name\":\"Legal y RGPD - Bale Aloe\",\"isPartOf\":{\"@id\":\"https:\\\/\\\/balealoe.com\\\/en\\\/#website\"},\"datePublished\":\"2024-06-26T10:00:04+00:00\",\"dateModified\":\"2024-09-05T11:47:37+00:00\",\"breadcrumb\":{\"@id\":\"https:\\\/\\\/balealoe.com\\\/en\\\/lopd\\\/#breadcrumb\"},\"inLanguage\":\"en-US\",\"potentialAction\":[{\"@type\":\"ReadAction\",\"target\":[\"https:\\\/\\\/balealoe.com\\\/en\\\/lopd\\\/\"]}]},{\"@type\":\"BreadcrumbList\",\"@id\":\"https:\\\/\\\/balealoe.com\\\/en\\\/lopd\\\/#breadcrumb\",\"itemListElement\":[{\"@type\":\"ListItem\",\"position\":1,\"name\":\"Portada\",\"item\":\"https:\\\/\\\/balealoe.com\\\/en\\\/\"},{\"@type\":\"ListItem\",\"position\":2,\"name\":\"Legal y RGPD\"}]},{\"@type\":\"WebSite\",\"@id\":\"https:\\\/\\\/balealoe.com\\\/en\\\/#website\",\"url\":\"https:\\\/\\\/balealoe.com\\\/en\\\/\",\"name\":\"Balealoe\",\"description\":\"Productos hechos con aloe vera en Mallorca\",\"publisher\":{\"@id\":\"https:\\\/\\\/balealoe.com\\\/en\\\/#organization\"},\"potentialAction\":[{\"@type\":\"SearchAction\",\"target\":{\"@type\":\"EntryPoint\",\"urlTemplate\":\"https:\\\/\\\/balealoe.com\\\/en\\\/?s={search_term_string}\"},\"query-input\":{\"@type\":\"PropertyValueSpecification\",\"valueRequired\":true,\"valueName\":\"search_term_string\"}}],\"inLanguage\":\"en-US\"},{\"@type\":\"Organization\",\"@id\":\"https:\\\/\\\/balealoe.com\\\/en\\\/#organization\",\"name\":\"Balealoe\",\"url\":\"https:\\\/\\\/balealoe.com\\\/en\\\/\",\"logo\":{\"@type\":\"ImageObject\",\"inLanguage\":\"en-US\",\"@id\":\"https:\\\/\\\/balealoe.com\\\/en\\\/#\\\/schema\\\/logo\\\/image\\\/\",\"url\":\"https:\\\/\\\/balealoe.com\\\/wp-content\\\/uploads\\\/2024\\\/06\\\/marca_Mesa-de-trabajo-1-1.svg\",\"contentUrl\":\"https:\\\/\\\/balealoe.com\\\/wp-content\\\/uploads\\\/2024\\\/06\\\/marca_Mesa-de-trabajo-1-1.svg\",\"width\":184,\"height\":210,\"caption\":\"Balealoe\"},\"image\":{\"@id\":\"https:\\\/\\\/balealoe.com\\\/en\\\/#\\\/schema\\\/logo\\\/image\\\/\"},\"sameAs\":[\"https:\\\/\\\/www.facebook.com\\\/profile.php?id=61561359368862\",\"https:\\\/\\\/www.instagram.com\\\/balealoe\\\/\"]}]}<\/script>\n<!-- \/ Yoast SEO plugin. -->","yoast_head_json":{"title":"Legal y RGPD - Bale Aloe","robots":{"index":"index","follow":"follow","max-snippet":"max-snippet:-1","max-image-preview":"max-image-preview:large","max-video-preview":"max-video-preview:-1"},"canonical":"https:\/\/balealoe.com\/en\/lopd\/","og_locale":"en_US","og_type":"article","og_title":"Legal y RGPD - Bale Aloe","og_url":"https:\/\/balealoe.com\/en\/lopd\/","og_site_name":"Bale Aloe","article_publisher":"https:\/\/www.facebook.com\/profile.php?id=61561359368862","article_modified_time":"2024-09-05T11:47:37+00:00","twitter_card":"summary_large_image","twitter_misc":{"Est. reading time":"9 minutes"},"schema":{"@context":"https:\/\/schema.org","@graph":[{"@type":"WebPage","@id":"https:\/\/balealoe.com\/en\/lopd\/","url":"https:\/\/balealoe.com\/en\/lopd\/","name":"Legal y RGPD - Bale Aloe","isPartOf":{"@id":"https:\/\/balealoe.com\/en\/#website"},"datePublished":"2024-06-26T10:00:04+00:00","dateModified":"2024-09-05T11:47:37+00:00","breadcrumb":{"@id":"https:\/\/balealoe.com\/en\/lopd\/#breadcrumb"},"inLanguage":"en-US","potentialAction":[{"@type":"ReadAction","target":["https:\/\/balealoe.com\/en\/lopd\/"]}]},{"@type":"BreadcrumbList","@id":"https:\/\/balealoe.com\/en\/lopd\/#breadcrumb","itemListElement":[{"@type":"ListItem","position":1,"name":"Portada","item":"https:\/\/balealoe.com\/en\/"},{"@type":"ListItem","position":2,"name":"Legal y RGPD"}]},{"@type":"WebSite","@id":"https:\/\/balealoe.com\/en\/#website","url":"https:\/\/balealoe.com\/en\/","name":"Balealoe","description":"Productos hechos con aloe vera en Mallorca","publisher":{"@id":"https:\/\/balealoe.com\/en\/#organization"},"potentialAction":[{"@type":"SearchAction","target":{"@type":"EntryPoint","urlTemplate":"https:\/\/balealoe.com\/en\/?s={search_term_string}"},"query-input":{"@type":"PropertyValueSpecification","valueRequired":true,"valueName":"search_term_string"}}],"inLanguage":"en-US"},{"@type":"Organization","@id":"https:\/\/balealoe.com\/en\/#organization","name":"Balealoe","url":"https:\/\/balealoe.com\/en\/","logo":{"@type":"ImageObject","inLanguage":"en-US","@id":"https:\/\/balealoe.com\/en\/#\/schema\/logo\/image\/","url":"https:\/\/balealoe.com\/wp-content\/uploads\/2024\/06\/marca_Mesa-de-trabajo-1-1.svg","contentUrl":"https:\/\/balealoe.com\/wp-content\/uploads\/2024\/06\/marca_Mesa-de-trabajo-1-1.svg","width":184,"height":210,"caption":"Balealoe"},"image":{"@id":"https:\/\/balealoe.com\/en\/#\/schema\/logo\/image\/"},"sameAs":["https:\/\/www.facebook.com\/profile.php?id=61561359368862","https:\/\/www.instagram.com\/balealoe\/"]}]}},"_links":{"self":[{"href":"https:\/\/balealoe.com\/en\/wp-json\/wp\/v2\/pages\/1983","targetHints":{"allow":["GET"]}}],"collection":[{"href":"https:\/\/balealoe.com\/en\/wp-json\/wp\/v2\/pages"}],"about":[{"href":"https:\/\/balealoe.com\/en\/wp-json\/wp\/v2\/types\/page"}],"author":[{"embeddable":true,"href":"https:\/\/balealoe.com\/en\/wp-json\/wp\/v2\/users\/1"}],"replies":[{"embeddable":true,"href":"https:\/\/balealoe.com\/en\/wp-json\/wp\/v2\/comments?post=1983"}],"version-history":[{"count":1,"href":"https:\/\/balealoe.com\/en\/wp-json\/wp\/v2\/pages\/1983\/revisions"}],"predecessor-version":[{"id":1984,"href":"https:\/\/balealoe.com\/en\/wp-json\/wp\/v2\/pages\/1983\/revisions\/1984"}],"wp:attachment":[{"href":"https:\/\/balealoe.com\/en\/wp-json\/wp\/v2\/media?parent=1983"}],"curies":[{"name":"wp","href":"https:\/\/api.w.org\/{rel}","templated":true}]}}