{"id":1985,"date":"2024-08-01T12:43:15","date_gmt":"2024-08-01T12:43:15","guid":{"rendered":"https:\/\/balealoe.com\/condiciones\/"},"modified":"2024-08-01T12:43:15","modified_gmt":"2024-08-01T12:43:15","slug":"condiciones","status":"publish","type":"page","link":"https:\/\/balealoe.com\/en\/condiciones\/","title":{"rendered":"Condiciones  y Envios"},"content":{"rendered":"<div class=\"fusion-fullwidth fullwidth-box fusion-builder-row-1 fusion-flex-container nonhundred-percent-fullwidth non-hundred-percent-height-scrolling\" style=\"--awb-border-radius-top-left:0px;--awb-border-radius-top-right:0px;--awb-border-radius-bottom-right:0px;--awb-border-radius-bottom-left:0px;--awb-flex-wrap:wrap;\" ><div class=\"fusion-builder-row fusion-row fusion-flex-align-items-flex-start fusion-flex-content-wrap\" style=\"max-width:1268.8px;margin-left: calc(-4% \/ 2 );margin-right: calc(-4% \/ 2 );\"><div class=\"fusion-layout-column fusion_builder_column fusion-builder-column-0 fusion_builder_column_1_1 1_1 fusion-flex-column\" style=\"--awb-bg-size:cover;--awb-width-large:100%;--awb-margin-top-large:0px;--awb-spacing-right-large:1.92%;--awb-margin-bottom-large:0px;--awb-spacing-left-large:1.92%;--awb-width-medium:100%;--awb-spacing-right-medium:1.92%;--awb-spacing-left-medium:1.92%;--awb-width-small:100%;--awb-spacing-right-small:1.92%;--awb-spacing-left-small:1.92%;\"><div class=\"fusion-column-wrapper fusion-flex-justify-content-flex-start fusion-content-layout-column\"><div class=\"fusion-text fusion-text-1\"><p><strong>POL\u00cdTICA DE ENV\u00cdO<\/strong><\/p>\n<p><em><strong>Alcance de Env\u00edo<\/strong><\/em><br \/>\nRealizamos env\u00edos a nivel nacional (Espa\u00f1a) y a diversos pa\u00edses dentro de la Uni\u00f3n Europea. Actualmente, no existe un pedido m\u00ednimo, aunque ofrecemos ventajas al realizar compras superiores a ciertas cantidades para evitar costos de env\u00edo.<\/p>\n<p><strong>Costos de Env\u00edo<\/strong><br \/>\nEspa\u00f1a (Pen\u00ednsula e Islas Baleares): Env\u00edo gratuito para pedidos superiores a 60 euros. Para pedidos inferiores, el costo de env\u00edo es de 5\u20ac.<br \/>\nIslas Canarias, Ceuta y Melilla: Se a\u00f1ade un DUA (Documento \u00danico Administrativo) y posibles impuestos adicionales.<br \/>\nUni\u00f3n Europea (Austria, Alemania, Pa\u00edses Bajos, B\u00e9lgica, Grecia, Polonia, etc.): Los env\u00edos tienen un costo de 15 euros.<br \/>\nResto del Mundo: Se a\u00f1adir\u00e1n el DUA internacional y cualquier impuesto adicional propio del pa\u00eds de destino. Para m\u00e1s detalles, p\u00f3ngase en contacto con nosotros.<\/p>\n<p><strong>Tiempo de Entrega<\/strong><br \/>\nEspa\u00f1a: 5 d\u00edas h\u00e1biles.<br \/>\nEuropa: Entre 5 y 10 d\u00edas h\u00e1biles.<br \/>\nResto del Mundo: Entre 10 y 12 d\u00edas h\u00e1biles, dependiendo del pa\u00eds de destino.<br \/>\nModalidades de Pago<br \/>\nTarjeta de Cr\u00e9dito: Aceptamos VISA y MASTERCARD.<\/p>\n<p><strong>Pol\u00edtica de Devoluci\u00f3n<\/strong><br \/>\nCondiciones Generales En <strong>Balealoe<\/strong> nos esforzamos por ofrecer productos de la m\u00e1s alta calidad. Si no est\u00e1 satisfecho con su compra, puede devolver los productos en 14 d\u00edas naturales desde la fecha de recepci\u00f3n.<br \/>\nRequisitos para Devoluciones<br \/>\nLos productos deben estar en su estado original, sin usar y en su embalaje original.<br \/>\nDeber\u00e1 incluir el recibo o comprobante de compra.<\/p>\n<p><strong>Proceso de Devoluci\u00f3n<\/strong><br \/>\n<em><strong>1. Contacto:<\/strong><\/em> Env\u00edenos un correo electr\u00f3nico a info@balealoe.com para iniciar el proceso de devoluci\u00f3n.<br \/>\n<strong><em>2. Env\u00edo del Producto:<\/em><\/strong> Usted ser\u00e1 responsable del costo de env\u00edo para la devoluci\u00f3n del producto. Se recomienda usar un servicio de env\u00edo rastreable.<br \/>\n<strong><em>3. Inspecci\u00f3n y Reembolso:<\/em><\/strong> Una vez recibidos e inspeccionados los productos devueltos, le notificaremos sobre la aprobaci\u00f3n o rechazo de su reembolso. Si es aprobado, se procesar\u00e1 el reembolso a trav\u00e9s del m\u00e9todo de pago original en un plazo de 7 a 10 d\u00edas h\u00e1biles.<\/p>\n<p><strong>Productos No Reembolsables<\/strong><br \/>\nProductos en oferta.Tarjetas de regalo.<br \/>\nProblemas con el Env\u00edo Si recibe un producto defectuoso o incorrecto, por favor cont\u00e1ctenos inmediatamente. Cubriremos los gastos de env\u00edo de la devoluci\u00f3n y reemplazo del producto.<\/p>\n<p><strong>Nota<\/strong> Estas pol\u00edticas est\u00e1n sujetas a cambios sin previo aviso. Por favor, consulte nuestra p\u00e1gina web para obtener la versi\u00f3n m\u00e1s actualizada de nuestras pol\u00edticas de env\u00edo y devoluci\u00f3n.<br \/>\nPara cualquier consulta adicional, no dude en contactar con nuestro servicio de atenci\u00f3n al cliente.<\/p>\n<p><strong>PRECIOS E IMPUESTOS<\/strong><\/p>\n<p><strong>Los precios indicados en nuestra web incluyen IVA.<\/strong> El resumen final del pedido refleja el precio total incluidos los impuestos y los gastos de env\u00edo.<\/p>\n<p>Pedidos desde residentes de pa\u00edses que NO forman parte de la Union Europea y de residentes de las Islas Canarias, Ceuta o Melilla son exentas de IVA. En estos casos al crear su cuenta de usuario con su direcci\u00f3n de env\u00edo en uno de estos destinos el programa muestra los precios sin IVA y el carrito de compra calcula su pedido sin IVA.<\/p>\n<p>IMPORTANTE: Gastos de aduana u otras tasas de importaci\u00f3n est\u00e1n fuera de nuestro control y tienen que ser pagados por el comprador y en destino. Por favor, inf\u00f3rmense con antelaci\u00f3n sobre los gastos en aduana y otros posibles gastos para que la importaci\u00f3n se pueda llevar a cabo correctamente.<\/p>\n<p>En caso de que haya error o errores en los datos de env\u00edo, el cliente deber\u00e1 hacerse cargo de los gastos ocasionados para la redirecci\u00f3n o retorno de dicho envio, no siendo nunca responsable <strong>Balealoe<\/strong> de los datos de entrega que se aportan para la entrega de dicho env\u00edo.<\/p>\n<p><strong>RECLAMACIONES, DERECHO DESISTIMIENTO, DEVOLUCIONES Y GARANT\u00cdAS LEGALES<br \/>\n<\/strong><\/p>\n<p>Para cualquier reclamaci\u00f3n pueden dirigirse a nosotros a trav\u00e9s de nuestro email info@balealoe.com<\/p>\n<p><strong>Cambio de un producto<\/strong><\/p>\n<p>Para realizar un cambio el cliente deber\u00e1 ponerse en contacto con nosotros en <strong>un periodo m\u00e1ximo de 14 d\u00edas.<\/strong> Si el cambio se debe a un error por parte del cliente (equivocaci\u00f3n al realizar el pedido) \u00e9ste correr\u00e1 con los gastos de env\u00edo.<\/p>\n<p>En caso de que el error fuese debido a \u201c<strong>Balealoe<\/strong>\u201d, la empresa se encargar\u00e1 de retirar el producto equivocado y recibir\u00e1 la mercanc\u00eda solicitada sin coste adicional.<\/p>\n<p>GARANT\u00cdAS LEGALES:<\/p>\n<p>En caso de producto defectuoso, el vendedor proceder\u00e1 a la reparaci\u00f3n, sustituci\u00f3n, rebaja del precio o resoluci\u00f3n del contrato, gestiones que ser\u00e1n gratuitas para el consumidor. El vendedor responde de las faltas de conformidad que se manifiesten en un plazo de\u00a0tres a\u00f1os desde la entrega. Se presumir\u00e1 que las faltas de conformidad que se manifiesten en los dos a\u00f1os siguientes a la entrega del bien ya exist\u00edan cuando \u00e9ste se entreg\u00f3.<\/p>\n<p>Estas garant\u00edas se aplicar\u00e1n teniendo en cuenta la naturaleza de los bienes comercializados en este sitio web: Bienes de naturaleza no duradera. Salvo prueba en contrario, se entender\u00e1 que los productos son conformes con el contrato siempre que cumplan todos los requisitios que se expresan a continuaci\u00f3n:<\/p>\n<p>Art\u00edculo 116 del TRLGDCU (Conformidad de los productos con el contrato):<\/p>\n<p>a) Se ajusten a la descripci\u00f3n realizada por el vendedor y posean las cualidades del producto que el vendedor haya presentado al consumidor y usuario en forma de muestra o modelo.<br \/>\nb) Sean aptos para los usos a que ordinariamente se destinen los productos del mismo tipo.<br \/>\nc) Presenten la calidad y prestaciones habituales de un producto del mismo tipo que el consumidor y usuario pueda fundamente esperar, habida cuenta de la naturaleza del producto.<\/p>\n<p>Para mayor informaci\u00f3n, aconsejamos consultar el listado no exhaustivo de bienes considerados de naturaleza duradera conforme a lo establecido en el Real Decreto 1507\/2000, de 1 de septiembre, por el que se actualizan los cat\u00e1logos de productos y servicios de uso o consumo com\u00fan, ordinario y generalizado y de bienes de naturaleza duradera, a efectos de lo dispuesto, respectivamente, en los art\u00edculos 2, apartado 2, y 11, apartados 2 y 5, de la Ley General para la Defensa de los Consumidores y Usuarios y normas complementarias:<br \/>\nhttp:\/\/www.boe.es\/buscar\/act.php?id=BOE-A-2007-20555<\/p>\n<p><strong>DERECHO DE DESISTIMIENTO (Devoluci\u00f3n de un producto)<\/strong><\/p>\n<p>Tiene el derecho de desistimiento del contrato o sea de la compra sin necesidad de justificar la decisi\u00f3n y sin penalizaci\u00f3n de ninguna clase, durante los 14 d\u00edas naturales siguientes de la recepci\u00f3n del pedido por Usted o una persona tercera encargada por Usted y distinta al transportista que le entrega el pedido. Su decisi\u00f3n de desistimiento del contrato nos ha de ser comunicada de forma escrita, por carta a:\u00a0 <strong>Balealoe<\/strong> Calle\u00a0 por correo electronico a info@balealoe.com o por cualquier otro medio que considere. Para el ejercicio del derecho de desistimiento tiene a su disposici\u00f3n en su cuenta de cliente en nuestra tienda online un formulario que puede descargar y rellenar para comunicarnos la devoluci\u00f3n del producto.<\/p>\n<p>Los productos que quiere devolver deber\u00e1n ser reenviados a nuestro almac\u00e9n en los siguientes 14 d\u00edas naturales a partir de la comunicaci\u00f3n. Los gastos de transporte derivados de la devoluci\u00f3n del producto (portes de el env\u00edo de vuelta hasta nuestro almac\u00e9n) corren a cargo del cliente.<\/p>\n<p>Una vez que hemos recibido la mercancia de vuelta se le devolver\u00e1 el importe de la compra m\u00e1s los gastos \u00edntegros de env\u00edo (si devuelve la totalidad de su pedido),\u00a0en un plazo de 14 d\u00edas naturales.<\/p>\n<p>La devoluci\u00f3n se llevar\u00e1 a cabo a trav\u00e9s del mismo medio de pago utilizado por Usted a la hora de pagar su pedido.<\/p>\n<p>En ning\u00fan caso, nos haremos responsables de la mala aplicaci\u00f3n o uso irresponsable del producto.<\/p>\n<\/div><\/div><\/div><\/div><\/div>\n","protected":false},"excerpt":{"rendered":"","protected":false},"author":1,"featured_media":0,"parent":0,"menu_order":0,"comment_status":"closed","ping_status":"open","template":"","meta":{"_acf_changed":false,"footnotes":""},"class_list":["post-1985","page","type-page","status-publish","hentry"],"acf":[],"yoast_head":"<!-- This site is optimized with the Yoast SEO plugin v27.5 - https:\/\/yoast.com\/product\/yoast-seo-wordpress\/ -->\n<title>Condiciones y Envios - Bale Aloe<\/title>\n<meta name=\"robots\" content=\"index, follow, max-snippet:-1, max-image-preview:large, max-video-preview:-1\" \/>\n<link rel=\"canonical\" href=\"https:\/\/balealoe.com\/en\/condiciones\/\" \/>\n<meta property=\"og:locale\" content=\"en_US\" \/>\n<meta property=\"og:type\" content=\"article\" \/>\n<meta property=\"og:title\" content=\"Condiciones y Envios - Bale Aloe\" \/>\n<meta property=\"og:url\" content=\"https:\/\/balealoe.com\/en\/condiciones\/\" \/>\n<meta property=\"og:site_name\" content=\"Bale Aloe\" \/>\n<meta property=\"article:publisher\" content=\"https:\/\/www.facebook.com\/profile.php?id=61561359368862\" \/>\n<meta name=\"twitter:card\" content=\"summary_large_image\" \/>\n<meta name=\"twitter:label1\" content=\"Est. reading time\" \/>\n\t<meta name=\"twitter:data1\" content=\"8 minutes\" \/>\n<script type=\"application\/ld+json\" class=\"yoast-schema-graph\">{\"@context\":\"https:\\\/\\\/schema.org\",\"@graph\":[{\"@type\":\"WebPage\",\"@id\":\"https:\\\/\\\/balealoe.com\\\/en\\\/condiciones\\\/\",\"url\":\"https:\\\/\\\/balealoe.com\\\/en\\\/condiciones\\\/\",\"name\":\"Condiciones y Envios - Bale Aloe\",\"isPartOf\":{\"@id\":\"https:\\\/\\\/balealoe.com\\\/en\\\/#website\"},\"datePublished\":\"2024-08-01T12:43:15+00:00\",\"breadcrumb\":{\"@id\":\"https:\\\/\\\/balealoe.com\\\/en\\\/condiciones\\\/#breadcrumb\"},\"inLanguage\":\"en-US\",\"potentialAction\":[{\"@type\":\"ReadAction\",\"target\":[\"https:\\\/\\\/balealoe.com\\\/en\\\/condiciones\\\/\"]}]},{\"@type\":\"BreadcrumbList\",\"@id\":\"https:\\\/\\\/balealoe.com\\\/en\\\/condiciones\\\/#breadcrumb\",\"itemListElement\":[{\"@type\":\"ListItem\",\"position\":1,\"name\":\"Portada\",\"item\":\"https:\\\/\\\/balealoe.com\\\/en\\\/\"},{\"@type\":\"ListItem\",\"position\":2,\"name\":\"Condiciones y Envios\"}]},{\"@type\":\"WebSite\",\"@id\":\"https:\\\/\\\/balealoe.com\\\/en\\\/#website\",\"url\":\"https:\\\/\\\/balealoe.com\\\/en\\\/\",\"name\":\"Balealoe\",\"description\":\"Productos hechos con aloe vera en Mallorca\",\"publisher\":{\"@id\":\"https:\\\/\\\/balealoe.com\\\/en\\\/#organization\"},\"potentialAction\":[{\"@type\":\"SearchAction\",\"target\":{\"@type\":\"EntryPoint\",\"urlTemplate\":\"https:\\\/\\\/balealoe.com\\\/en\\\/?s={search_term_string}\"},\"query-input\":{\"@type\":\"PropertyValueSpecification\",\"valueRequired\":true,\"valueName\":\"search_term_string\"}}],\"inLanguage\":\"en-US\"},{\"@type\":\"Organization\",\"@id\":\"https:\\\/\\\/balealoe.com\\\/en\\\/#organization\",\"name\":\"Balealoe\",\"url\":\"https:\\\/\\\/balealoe.com\\\/en\\\/\",\"logo\":{\"@type\":\"ImageObject\",\"inLanguage\":\"en-US\",\"@id\":\"https:\\\/\\\/balealoe.com\\\/en\\\/#\\\/schema\\\/logo\\\/image\\\/\",\"url\":\"https:\\\/\\\/balealoe.com\\\/wp-content\\\/uploads\\\/2024\\\/06\\\/marca_Mesa-de-trabajo-1-1.svg\",\"contentUrl\":\"https:\\\/\\\/balealoe.com\\\/wp-content\\\/uploads\\\/2024\\\/06\\\/marca_Mesa-de-trabajo-1-1.svg\",\"width\":184,\"height\":210,\"caption\":\"Balealoe\"},\"image\":{\"@id\":\"https:\\\/\\\/balealoe.com\\\/en\\\/#\\\/schema\\\/logo\\\/image\\\/\"},\"sameAs\":[\"https:\\\/\\\/www.facebook.com\\\/profile.php?id=61561359368862\",\"https:\\\/\\\/www.instagram.com\\\/balealoe\\\/\"]}]}<\/script>\n<!-- \/ Yoast SEO plugin. -->","yoast_head_json":{"title":"Condiciones y Envios - Bale Aloe","robots":{"index":"index","follow":"follow","max-snippet":"max-snippet:-1","max-image-preview":"max-image-preview:large","max-video-preview":"max-video-preview:-1"},"canonical":"https:\/\/balealoe.com\/en\/condiciones\/","og_locale":"en_US","og_type":"article","og_title":"Condiciones y Envios - Bale Aloe","og_url":"https:\/\/balealoe.com\/en\/condiciones\/","og_site_name":"Bale Aloe","article_publisher":"https:\/\/www.facebook.com\/profile.php?id=61561359368862","twitter_card":"summary_large_image","twitter_misc":{"Est. reading time":"8 minutes"},"schema":{"@context":"https:\/\/schema.org","@graph":[{"@type":"WebPage","@id":"https:\/\/balealoe.com\/en\/condiciones\/","url":"https:\/\/balealoe.com\/en\/condiciones\/","name":"Condiciones y Envios - Bale Aloe","isPartOf":{"@id":"https:\/\/balealoe.com\/en\/#website"},"datePublished":"2024-08-01T12:43:15+00:00","breadcrumb":{"@id":"https:\/\/balealoe.com\/en\/condiciones\/#breadcrumb"},"inLanguage":"en-US","potentialAction":[{"@type":"ReadAction","target":["https:\/\/balealoe.com\/en\/condiciones\/"]}]},{"@type":"BreadcrumbList","@id":"https:\/\/balealoe.com\/en\/condiciones\/#breadcrumb","itemListElement":[{"@type":"ListItem","position":1,"name":"Portada","item":"https:\/\/balealoe.com\/en\/"},{"@type":"ListItem","position":2,"name":"Condiciones y Envios"}]},{"@type":"WebSite","@id":"https:\/\/balealoe.com\/en\/#website","url":"https:\/\/balealoe.com\/en\/","name":"Balealoe","description":"Productos hechos con aloe vera en Mallorca","publisher":{"@id":"https:\/\/balealoe.com\/en\/#organization"},"potentialAction":[{"@type":"SearchAction","target":{"@type":"EntryPoint","urlTemplate":"https:\/\/balealoe.com\/en\/?s={search_term_string}"},"query-input":{"@type":"PropertyValueSpecification","valueRequired":true,"valueName":"search_term_string"}}],"inLanguage":"en-US"},{"@type":"Organization","@id":"https:\/\/balealoe.com\/en\/#organization","name":"Balealoe","url":"https:\/\/balealoe.com\/en\/","logo":{"@type":"ImageObject","inLanguage":"en-US","@id":"https:\/\/balealoe.com\/en\/#\/schema\/logo\/image\/","url":"https:\/\/balealoe.com\/wp-content\/uploads\/2024\/06\/marca_Mesa-de-trabajo-1-1.svg","contentUrl":"https:\/\/balealoe.com\/wp-content\/uploads\/2024\/06\/marca_Mesa-de-trabajo-1-1.svg","width":184,"height":210,"caption":"Balealoe"},"image":{"@id":"https:\/\/balealoe.com\/en\/#\/schema\/logo\/image\/"},"sameAs":["https:\/\/www.facebook.com\/profile.php?id=61561359368862","https:\/\/www.instagram.com\/balealoe\/"]}]}},"_links":{"self":[{"href":"https:\/\/balealoe.com\/en\/wp-json\/wp\/v2\/pages\/1985","targetHints":{"allow":["GET"]}}],"collection":[{"href":"https:\/\/balealoe.com\/en\/wp-json\/wp\/v2\/pages"}],"about":[{"href":"https:\/\/balealoe.com\/en\/wp-json\/wp\/v2\/types\/page"}],"author":[{"embeddable":true,"href":"https:\/\/balealoe.com\/en\/wp-json\/wp\/v2\/users\/1"}],"replies":[{"embeddable":true,"href":"https:\/\/balealoe.com\/en\/wp-json\/wp\/v2\/comments?post=1985"}],"version-history":[{"count":0,"href":"https:\/\/balealoe.com\/en\/wp-json\/wp\/v2\/pages\/1985\/revisions"}],"wp:attachment":[{"href":"https:\/\/balealoe.com\/en\/wp-json\/wp\/v2\/media?parent=1985"}],"curies":[{"name":"wp","href":"https:\/\/api.w.org\/{rel}","templated":true}]}}